{"id":3559,"date":"2018-02-09T16:25:35","date_gmt":"2018-02-09T15:25:35","guid":{"rendered":"http:\/\/wordpress.holzbau-wegner.de\/?page_id=3559"},"modified":"2021-05-13T13:27:14","modified_gmt":"2021-05-13T11:27:14","slug":"impressum","status":"publish","type":"page","link":"https:\/\/holzbau-wegner.de\/startseite\/impressum\/","title":{"rendered":"Impressum"},"content":{"rendered":"<div id='av_section_1'  class='avia-section av-d0m13-11472d94e755d2320959e087789394c9 main_color avia-section-default avia-shadow  avia-builder-el-0  avia-builder-el-no-sibling  avia-bg-style-scroll container_wrap fullsize'  ><div class='container av-section-cont-open' ><main  role=\"main\" itemprop=\"mainContentOfPage\"  class='template-page content  av-content-full alpha units'><div class='post-entry post-entry-type-page post-entry-3559'><div class='entry-content-wrapper clearfix'>\n\n<style type=\"text\/css\" data-created_by=\"avia_inline_auto\" id=\"style-css-av-37w3nb-c33f89c18f9cd179e936844a5cc4f4e7\">\n#top .av_textblock_section.av-37w3nb-c33f89c18f9cd179e936844a5cc4f4e7 .avia_textblock{\nfont-size:16px;\n}\n<\/style>\n<section  class='av_textblock_section av-37w3nb-c33f89c18f9cd179e936844a5cc4f4e7 '   itemscope=\"itemscope\" itemtype=\"https:\/\/schema.org\/CreativeWork\" ><div class='avia_textblock'  itemprop=\"text\" ><p><strong>Impressum<\/strong><\/p>\n<p><strong>Angaben gem\u00e4\u00df \u00a7 5 TMG:<\/strong><\/p>\n<p>Holzbau &amp; Restaurierung Stefan Wegner<br \/>\nErich-K\u00f6hn-Str. 62<br \/>\n04177 Leipzig<\/p>\n<p>Inhaber: Stefan Wegner<\/p>\n<p><strong>Kontakt:<\/strong><\/p>\n<p>Telefon: +49 (0) 341 2614244<br \/>\nTelefax: +49 (0) 341 23081703<br \/>\nFunk: +49 (0) 162 6263110<br \/>\nE-Mail: info@holzbau-wegner.de<\/p>\n<p>Firmensitz: Leipzig<br \/>\nMitglied: Handwerkskammer Leipzig (Mitgl.-Nr.:28693)<\/p>\n<p>inhaltl. verantwortl.: Stefan Wegner<br \/>\nFotos: Stefan Wegner, Fotolia<\/p>\n<p><strong>Umsatzsteuer:<\/strong><\/p>\n<p>Umsatzsteuer-Identifikationsnummer gem\u00e4\u00df \u00a727 a Umsatzsteuergesetz: DE251249846<\/p>\n<p><strong>Streitschlichtung<\/strong><\/p>\n<p>Wir sind nicht bereit oder verpflichtet, an Streitbeilegungsverfahren vor einer Verbraucherschlichtungsstelle teilzunehmen.<\/p>\n<p><strong>Haftung f\u00fcr Inhalte<\/strong><\/p>\n<p>Als Diensteanbieter sind wir gem\u00e4\u00df \u00a7 7 Abs.1 TMG f\u00fcr eigene Inhalte auf diesen Seiten nach den allgemeinen Gesetzen verantwortlich. Nach \u00a7\u00a7 8 bis 10 TMG sind wir als Diensteanbieter jedoch nicht verpflichtet, \u00fcbermittelte oder gespeicherte fremde Informationen zu \u00fcberwachen oder nach Umst\u00e4nden zu forschen, die auf eine rechtswidrige T\u00e4tigkeit hinweisen.<\/p>\n<p>Verpflichtungen zur Entfernung oder Sperrung der Nutzung von Informationen nach den allgemeinen Gesetzen bleiben hiervon unber\u00fchrt. Eine diesbez\u00fcgliche Haftung ist jedoch<br \/>\nerst ab dem Zeitpunkt der Kenntnis einer konkreten Rechtsverletzung m\u00f6glich. Bei Bekanntwerden von entsprechenden Rechtsverletzungen werden wir diese Inhalte umgehend entfernen.<\/p>\n<p><strong>Haftung f\u00fcr Links<\/strong><\/p>\n<p>Unser Angebot enth\u00e4lt Links zu externen Webseiten Dritter, auf deren Inhalte wir keinen Einfluss haben. Deshalb k\u00f6nnen wir f\u00fcr diese fremden Inhalte auch keine Gew\u00e4hr \u00fcbernehmen. F\u00fcr die Inhalte der verlinkten Seiten ist stets der jeweilige Anbieter oder Betreiber der Seiten verantwortlich. Die verlinkten Seiten wurden zum Zeitpunkt der Verlinkung auf m\u00f6gliche Rechtsverst\u00f6\u00dfe \u00fcberpr\u00fcft. Rechtswidrige Inhalte waren zum Zeitpunkt der Verlinkung nicht erkennbar.<\/p>\n<p>Eine permanente inhaltliche Kontrolle der verlinkten Seiten ist jedoch ohne konkrete Anhaltspunkte einer Rechtsverletzung nicht zumutbar. Bei Bekanntwerden von Rechtsverletzungen werden wir derartige Links umgehend entfernen.<\/p>\n<p><strong>Urheberrecht<\/strong><\/p>\n<p>Die durch die Seitenbetreiber erstellten Inhalte und Werke auf diesen Seiten unterliegen dem deutschen Urheberrecht. Die Vervielf\u00e4ltigung, Bearbeitung, Verbreitung und jede Art der Verwertung au\u00dferhalb der Grenzen des Urheberrechtes bed\u00fcrfen der schriftlichen Zustimmung des jeweiligen Autors bzw. Erstellers. Downloads und Kopien dieser Seite sind nur f\u00fcr den privaten, nicht kommerziellen Gebrauch gestattet.<\/p>\n<p>Soweit die Inhalte auf dieser Seite nicht vom Betreiber erstellt wurden, werden die Urheberrechte Dritter beachtet. Sollten Sie trotzdem auf eine Urheberrechtsverletzung aufmerksam werden, bitten wir um einen entsprechenden Hinweis. Bei Bekanntwerden von Rechtsverletzungen werden wir derartige Inhalte umgehend entfernen.<\/p>\n<p>Quelle: <a href=\"https:\/\/www.e-recht24.de\">e-recht24.de<\/a><\/p>\n<\/div><\/section>\n\n","protected":false},"excerpt":{"rendered":"","protected":false},"author":1,"featured_media":0,"parent":0,"menu_order":0,"comment_status":"closed","ping_status":"closed","template":"","meta":{"footnotes":""},"class_list":["post-3559","page","type-page","status-publish","hentry"],"_links":{"self":[{"href":"https:\/\/holzbau-wegner.de\/startseite\/wp-json\/wp\/v2\/pages\/3559","targetHints":{"allow":["GET"]}}],"collection":[{"href":"https:\/\/holzbau-wegner.de\/startseite\/wp-json\/wp\/v2\/pages"}],"about":[{"href":"https:\/\/holzbau-wegner.de\/startseite\/wp-json\/wp\/v2\/types\/page"}],"author":[{"embeddable":true,"href":"https:\/\/holzbau-wegner.de\/startseite\/wp-json\/wp\/v2\/users\/1"}],"replies":[{"embeddable":true,"href":"https:\/\/holzbau-wegner.de\/startseite\/wp-json\/wp\/v2\/comments?post=3559"}],"version-history":[{"count":37,"href":"https:\/\/holzbau-wegner.de\/startseite\/wp-json\/wp\/v2\/pages\/3559\/revisions"}],"predecessor-version":[{"id":4618,"href":"https:\/\/holzbau-wegner.de\/startseite\/wp-json\/wp\/v2\/pages\/3559\/revisions\/4618"}],"wp:attachment":[{"href":"https:\/\/holzbau-wegner.de\/startseite\/wp-json\/wp\/v2\/media?parent=3559"}],"curies":[{"name":"wp","href":"https:\/\/api.w.org\/{rel}","templated":true}]}}